{"id":76,"date":"2020-06-17T12:34:02","date_gmt":"2020-06-17T12:34:02","guid":{"rendered":"https:\/\/demosites.io\/doctor-gb\/?page_id=76"},"modified":"2026-03-20T10:53:35","modified_gmt":"2026-03-20T10:53:35","slug":"260c8-home","status":"publish","type":"page","link":"https:\/\/doktoria.ch\/","title":{"rendered":"Home"},"content":{"rendered":"\n<div id=\"wp-block-themeisle-blocks-advanced-columns-c0e9e719\" class=\"wp-block-themeisle-blocks-advanced-columns alignfull has-2-columns has-desktop-equal-layout has-tablet-equal-layout has-mobile-collapsedRows-layout has-vertical-unset has-dark-bg\"><div class=\"wp-block-themeisle-blocks-advanced-columns-overlay\"><\/div><div class=\"innerblocks-wrap\">\n<div id=\"wp-block-themeisle-blocks-advanced-column-11971373\" class=\"wp-block-themeisle-blocks-advanced-column\">\n<h1 class=\"wp-block-heading has-text-color\" id=\"doktoria-ag\" style=\"color:#ffffff\">Doktoria AG<\/h1>\n\n\n\n<p class=\"has-text-color\" style=\"color:#ffffff;font-size:21px\">Da f\u00fcr dich &#8211; Ein Leben lang!<\/p>\n\n\n\n<div style=\"height:20px\" aria-hidden=\"true\" class=\"wp-block-spacer\"><\/div>\n\n\n\n<div id=\"wp-block-themeisle-blocks-button-group-25fdce6d\" class=\"wp-block-themeisle-blocks-button-group wp-block-buttons\">\n<div id=\"wp-block-themeisle-blocks-button-8ded9420\" class=\"wp-block-themeisle-blocks-button wp-block-button\"><a href=\"https:\/\/doktoria.ch\/?page_id=91\" target=\"_self\" rel=\"noopener noreferrer\" class=\"wp-block-button__link\"><span>So finden Sie uns<\/span><\/a><\/div>\n<\/div>\n<\/div>\n\n\n\n<div id=\"wp-block-themeisle-blocks-advanced-column-15183923\" class=\"wp-block-themeisle-blocks-advanced-column\"><\/div>\n<\/div><\/div>\n\n\n\n<div id=\"wp-block-themeisle-blocks-advanced-columns-14c10a7c\" class=\"wp-block-themeisle-blocks-advanced-columns alignfull has-3-columns has-desktop-equal-layout has-tablet-twoColumnGrid-layout has-mobile-collapsedRows-layout has-vertical-unset\"><div class=\"wp-block-themeisle-blocks-advanced-columns-overlay\"><\/div><div class=\"innerblocks-wrap\">\n<div id=\"wp-block-themeisle-blocks-advanced-column-f4a8cf52\" class=\"wp-block-themeisle-blocks-advanced-column has-light-bg\">\n<div id=\"wp-block-themeisle-blocks-advanced-columns-beb3c559\" class=\"wp-block-themeisle-blocks-advanced-columns has-2-columns has-desktop-oneTwo-layout has-tablet-equal-layout has-mobile-collapsedRows-layout has-vertical-unset\"><div class=\"wp-block-themeisle-blocks-advanced-columns-overlay\"><\/div><div class=\"innerblocks-wrap\">\n<div id=\"wp-block-themeisle-blocks-advanced-column-06298299\" class=\"wp-block-themeisle-blocks-advanced-column\">\n<div id=\"wp-block-themeisle-blocks-font-awesome-icons-6320c639\" class=\"wp-block-themeisle-blocks-font-awesome-icons\"><span class=\"wp-block-themeisle-blocks-font-awesome-icons-container\"><i class=\"fas fa-child\"><\/i><\/span><\/div>\n<\/div>\n\n\n\n<div id=\"wp-block-themeisle-blocks-advanced-column-c7110089\" class=\"wp-block-themeisle-blocks-advanced-column\">\n<h4 id=\"wp-block-themeisle-blocks-advanced-heading-98ba2bef\" class=\"wp-block-themeisle-blocks-advanced-heading wp-block-themeisle-blocks-advanced-heading-98ba2bef\">Kinder<\/h4>\n<\/div>\n<\/div><\/div>\n<\/div>\n\n\n\n<div id=\"wp-block-themeisle-blocks-advanced-column-07278cb6\" class=\"wp-block-themeisle-blocks-advanced-column has-light-bg\">\n<div id=\"wp-block-themeisle-blocks-advanced-columns-872b15b8\" class=\"wp-block-themeisle-blocks-advanced-columns has-2-columns has-desktop-oneTwo-layout has-tablet-equal-layout has-mobile-collapsedRows-layout has-vertical-unset\"><div class=\"wp-block-themeisle-blocks-advanced-columns-overlay\"><\/div><div class=\"innerblocks-wrap\">\n<div id=\"wp-block-themeisle-blocks-advanced-column-b6bf86a2\" class=\"wp-block-themeisle-blocks-advanced-column\">\n<div id=\"wp-block-themeisle-blocks-font-awesome-icons-de06583d\" class=\"wp-block-themeisle-blocks-font-awesome-icons\"><span class=\"wp-block-themeisle-blocks-font-awesome-icons-container\"><i class=\"fas fa-stethoscope\"><\/i><\/span><\/div>\n<\/div>\n\n\n\n<div id=\"wp-block-themeisle-blocks-advanced-column-5104c45d\" class=\"wp-block-themeisle-blocks-advanced-column\">\n<h4 id=\"wp-block-themeisle-blocks-advanced-heading-f30a65b2\" class=\"wp-block-themeisle-blocks-advanced-heading wp-block-themeisle-blocks-advanced-heading-f30a65b2\">Ultraschall<\/h4>\n<\/div>\n<\/div><\/div>\n<\/div>\n\n\n\n<div id=\"wp-block-themeisle-blocks-advanced-column-19e95513\" class=\"wp-block-themeisle-blocks-advanced-column has-light-bg\">\n<div id=\"wp-block-themeisle-blocks-advanced-columns-5607e9e6\" class=\"wp-block-themeisle-blocks-advanced-columns has-2-columns has-desktop-oneTwo-layout has-tablet-equal-layout has-mobile-collapsedRows-layout has-vertical-unset\"><div class=\"wp-block-themeisle-blocks-advanced-columns-overlay\"><\/div><div class=\"innerblocks-wrap\">\n<div id=\"wp-block-themeisle-blocks-advanced-column-25291de6\" class=\"wp-block-themeisle-blocks-advanced-column\">\n<div id=\"wp-block-themeisle-blocks-font-awesome-icons-ed1afb5b\" class=\"wp-block-themeisle-blocks-font-awesome-icons\"><span class=\"wp-block-themeisle-blocks-font-awesome-icons-container\"><i class=\"fas fa-plane\"><\/i><\/span><\/div>\n<\/div>\n\n\n\n<div id=\"wp-block-themeisle-blocks-advanced-column-bb2771d4\" class=\"wp-block-themeisle-blocks-advanced-column\">\n<h4 id=\"wp-block-themeisle-blocks-advanced-heading-16a73607\" class=\"wp-block-themeisle-blocks-advanced-heading wp-block-themeisle-blocks-advanced-heading-16a73607\">Flugmedizin<\/h4>\n<\/div>\n<\/div><\/div>\n<\/div>\n<\/div><\/div>\n\n\n\n<div id=\"wp-block-themeisle-blocks-advanced-columns-411e75db\" class=\"wp-block-themeisle-blocks-advanced-columns alignfull has-2-columns has-desktop-equal-layout has-tablet-equal-layout has-mobile-collapsedRows-layout has-vertical-unset\"><div class=\"wp-block-themeisle-blocks-advanced-columns-overlay\"><\/div><div class=\"innerblocks-wrap\">\n<div id=\"wp-block-themeisle-blocks-advanced-column-38d61ed0\" class=\"wp-block-themeisle-blocks-advanced-column\">\n<h2 class=\"wp-block-heading has-text-align-left\" id=\"kompetente-behandlung\" style=\"text-transform:capitalize\">Herzlich Willkommen<\/h2>\n\n\n\n<p class=\"has-text-align-left\">Wir sind ein kleines, motiviertes Team, das zusammen den Patienten ins Zentrum setzt!<br><br>Wenn Sie bei uns Patient werden m\u00f6chten, melden Sie sich bitte telefonisch bei uns. Einwohner von Nieder\u00f6nz werden bevorzugt, andere Anfragende kommen auf eine Warteliste.<\/p>\n\n\n\n<p><strong>Bitte beachten Sie, dass wir Terminanfragen aus medizinischen Gr\u00fcnden nur telefonisch entgegennehmen. Anfragen per Email k\u00f6nnen wir leider nicht beantworten<\/strong>.<strong>&#8211; Vielen Dank!<\/strong><\/p>\n\n\n\n<p><strong>Medikamente geben wir gerne auf Bestellung zwei Tage nach schriftlichem Bestellungseingang ab<\/strong>.<\/p>\n\n\n\n<p><strong>Telefon<\/strong>: <a href=\"t&#101;&#x6c;&#x3a;+&#52;&#x31;&#x36;2&#57;&#x36;&#x31;4&#57;&#x36;&#x31;\">06&#50;&#32;&#57;&#x36;&#x31;&#x20;&#x34;9 &#54;&#49;<\/a><br><strong>Email<\/strong>: <a href=\"&#x6d;&#97;i&#x6c;&#x74;&#111;:&#x64;&#x6f;&#107;t&#x6f;&#114;i&#x61;&#x40;&#104;i&#x6e;&#x2e;&#99;h\">&#100;&#x6f;&#107;&#x74;&#111;&#x72;&#105;&#x61;&#64;&#x68;&#105;&#x6e;&#46;&#x63;&#104;<\/a><\/p>\n<\/div>\n\n\n\n<div id=\"wp-block-themeisle-blocks-advanced-column-6c3910be\" class=\"wp-block-themeisle-blocks-advanced-column\">\n<figure class=\"wp-block-image size-full\"><img decoding=\"async\" src=\"https:\/\/doktoria.ch\/wp-content\/uploads\/2024\/05\/IMG_3165.jpg\" alt=\"\" class=\"wp-image-618\"\/><\/figure>\n\n\n\n<p>Wir arbeiten mit dem <a href=\"https:\/\/www.mcl.ch\/\" target=\"_blank\" rel=\"noreferrer noopener\">MCL Labor<\/a> zusammen.<\/p>\n\n\n\n<figure class=\"wp-block-image size-large\"><a href=\"https:\/\/www.mcl.ch\/\" target=\"_blank\" rel=\"noreferrer noopener\"><img loading=\"lazy\" decoding=\"async\" width=\"1024\" height=\"333\" src=\"https:\/\/doktoria.ch\/wp-content\/uploads\/2024\/05\/MCL_Primary_DE_Tagline_FulCol_RGB-1024x333.png\" alt=\"\" class=\"wp-image-606\" srcset=\"https:\/\/doktoria.ch\/wp-content\/uploads\/2024\/05\/MCL_Primary_DE_Tagline_FulCol_RGB-1024x333.png 1024w, https:\/\/doktoria.ch\/wp-content\/uploads\/2024\/05\/MCL_Primary_DE_Tagline_FulCol_RGB-300x98.png 300w, https:\/\/doktoria.ch\/wp-content\/uploads\/2024\/05\/MCL_Primary_DE_Tagline_FulCol_RGB-768x250.png 768w, https:\/\/doktoria.ch\/wp-content\/uploads\/2024\/05\/MCL_Primary_DE_Tagline_FulCol_RGB-1536x500.png 1536w, https:\/\/doktoria.ch\/wp-content\/uploads\/2024\/05\/MCL_Primary_DE_Tagline_FulCol_RGB-2048x667.png 2048w\" sizes=\"auto, (max-width: 1024px) 100vw, 1024px\" \/><\/a><\/figure>\n<\/div>\n<\/div><\/div>\n\n\n\n<div id=\"wp-block-themeisle-blocks-advanced-columns-05d5fb06\" class=\"wp-block-themeisle-blocks-advanced-columns alignfull has-1-columns has-desktop-equal-layout has-tablet-equal-layout has-mobile-equal-layout has-vertical-unset has-dark-bg\"><div class=\"wp-block-themeisle-blocks-advanced-columns-overlay\"><\/div><div class=\"innerblocks-wrap\">\n<div id=\"wp-block-themeisle-blocks-advanced-column-b9b4a853\" class=\"wp-block-themeisle-blocks-advanced-column\">\n<h2 class=\"wp-block-heading has-text-align-center has-white-color has-text-color\" id=\"our-story\">Informationen<\/h2>\n\n\n\n<hr class=\"wp-block-separator has-text-color has-nv-site-bg-color has-alpha-channel-opacity has-nv-site-bg-background-color has-background\"\/>\n\n\n\n<p class=\"has-text-align-center\"><strong>Wir suchen \u00e4rztliche Verst\u00e4rkung. Bitte senden Sie Ihre Bewerbung an <a href=\"&#x6d;&#x61;&#x69;&#x6c;&#x74;&#x6f;&#x3a;&#x61;&#x6e;&#x6e;&#x61;&#x2e;&#x6d;&#x65;&#x69;&#x73;&#x74;&#x65;&#x72;&#x40;&#x68;&#x69;&#x6e;&#x2e;&#x63;&#x68;\">&#x61;&#x6e;&#x6e;&#x61;&#x2e;&#x6d;&#x65;&#105;&#115;&#116;&#101;&#114;&#64;hin&#x2e;&#x63;&#x68;<\/a>.<\/strong><\/p>\n\n\n\n<p class=\"has-text-align-center\">Aktuell gibt es auf der Aeschistrasse in Nieder\u00f6nz in mehreren Etappen Bauarbeiten. Bitte rechnen Sie f\u00fcr die Anreise gen\u00fcgend Zeit ein. <\/p>\n\n\n\n<h2 class=\"wp-block-heading has-text-align-center has-nv-site-bg-color has-text-color\">Unsere \u00d6ffnungszeiten<\/h2>\n\n\n\n<hr class=\"wp-block-separator has-text-color has-nv-site-bg-color has-alpha-channel-opacity has-nv-site-bg-background-color has-background\"\/>\n\n\n\n<p class=\"has-text-align-center has-white-color has-text-color\">Montag 08:00 Uhr bis 12:00 Uhr und 13:30 bis 17:00 Uhr<br>Dienstag 08:00 Uhr bis 12:00 Uhr und 13:30 bis 17:00 Uhr<br>Mittwoch 08:00 Uhr bis 12:00 Uhr und 13:30 bis 17:00 Uhr<br>Donnerstag 08:00 Uhr bis 12:00 Uhr und 13:30 bis 17:00 Uhr<br>Freitag 08:00 Uhr bis 12:00 Uhr und 13:30 bis <strong>16:00 Uhr<\/strong><br>Samstag und Sonntag geschlossen<\/p>\n\n\n\n<h2 class=\"wp-block-heading has-text-align-center has-nv-site-bg-color has-text-color\">Telefonzeiten<\/h2>\n\n\n\n<hr class=\"wp-block-separator has-text-color has-nv-site-bg-color has-alpha-channel-opacity has-nv-site-bg-background-color has-background ticss-33b77abe\"\/>\n\n\n\n<p class=\"has-text-align-center has-nv-site-bg-color has-text-color\">Montag bis Donnerstag 8:00 Uhr bis 11:00 Uhr und 14:00 bis 16:30 Uhr<br>Freitag 8:00 Uhr bis 11:00 Uhr und 14:00 bis <strong>16:00 Uhr<\/strong><br>Samstag und Sonntag geschlossen<\/p>\n\n\n\n<h2 class=\"wp-block-heading has-text-align-center has-nv-site-bg-color has-text-color\">Ferien 2026<\/h2>\n\n\n\n<hr class=\"wp-block-separator has-text-color has-nv-text-dark-bg-color has-alpha-channel-opacity has-nv-text-dark-bg-background-color has-background\"\/>\n\n\n\n<p class=\"has-text-align-center has-nv-site-bg-color has-text-color\">An folgenden Tagen<strong> <\/strong>ist die Praxis geschlossen:<br>Donnerstag 16. April nachmittags<br>Freitag 17. April nachmittags<br>Donnerstag 7. Mai nachmittags<br>Freitag 15. Mai Br\u00fcckentag<\/p>\n\n\n\n<p class=\"has-text-align-center has-nv-site-bg-color has-text-color\">Sommerferien vom 27. Juli bis 9. August<\/p>\n\n\n\n<p><\/p>\n\n\n\n<p><\/p>\n<\/div>\n<\/div><\/div>\n","protected":false},"excerpt":{"rendered":"","protected":false},"author":1,"featured_media":0,"parent":0,"menu_order":0,"comment_status":"closed","ping_status":"closed","template":"","meta":{"neve_meta_sidebar":"full-width","neve_meta_container":"","neve_meta_enable_content_width":"on","neve_meta_content_width":100,"neve_meta_title_alignment":"","neve_meta_author_avatar":"","neve_post_elements_order":"","neve_meta_disable_header":"","neve_meta_disable_footer":"","neve_meta_disable_title":"on","_themeisle_gutenberg_block_has_review":false,"footnotes":""},"class_list":["post-76","page","type-page","status-publish","hentry"],"_links":{"self":[{"href":"https:\/\/doktoria.ch\/index.php?rest_route=\/wp\/v2\/pages\/76","targetHints":{"allow":["GET"]}}],"collection":[{"href":"https:\/\/doktoria.ch\/index.php?rest_route=\/wp\/v2\/pages"}],"about":[{"href":"https:\/\/doktoria.ch\/index.php?rest_route=\/wp\/v2\/types\/page"}],"author":[{"embeddable":true,"href":"https:\/\/doktoria.ch\/index.php?rest_route=\/wp\/v2\/users\/1"}],"replies":[{"embeddable":true,"href":"https:\/\/doktoria.ch\/index.php?rest_route=%2Fwp%2Fv2%2Fcomments&post=76"}],"version-history":[{"count":104,"href":"https:\/\/doktoria.ch\/index.php?rest_route=\/wp\/v2\/pages\/76\/revisions"}],"predecessor-version":[{"id":755,"href":"https:\/\/doktoria.ch\/index.php?rest_route=\/wp\/v2\/pages\/76\/revisions\/755"}],"wp:attachment":[{"href":"https:\/\/doktoria.ch\/index.php?rest_route=%2Fwp%2Fv2%2Fmedia&parent=76"}],"curies":[{"name":"wp","href":"https:\/\/api.w.org\/{rel}","templated":true}]}}