{"id":82,"date":"2020-07-02T17:47:45","date_gmt":"2020-07-02T17:47:45","guid":{"rendered":"https:\/\/demosites.io\/doctor-gb\/?page_id=82"},"modified":"2024-03-26T11:04:47","modified_gmt":"2024-03-26T11:04:47","slug":"260c8-services","status":"publish","type":"page","link":"https:\/\/doktoria.ch\/?page_id=82","title":{"rendered":"Leistungen"},"content":{"rendered":"\n<div id=\"wp-block-themeisle-blocks-advanced-columns-1a23c41a\" class=\"wp-block-themeisle-blocks-advanced-columns alignfull has-2-columns has-desktop-equal-layout has-tablet-equal-layout has-mobile-collapsedRows-layout has-vertical-unset has-dark-bg\"><div class=\"wp-block-themeisle-blocks-advanced-columns-overlay\"><\/div><div class=\"innerblocks-wrap\">\n<div id=\"wp-block-themeisle-blocks-advanced-column-1f2ed3de\" class=\"wp-block-themeisle-blocks-advanced-column\">\n<h1 class=\"wp-block-heading has-text-color\" style=\"color:#ffffff\">Unsere Leistungen<\/h1>\n\n\n\n<p class=\"has-text-color\" style=\"color:#ffffff;font-size:21px\">Was und wie wir unsere Leistungen erbringen<\/p>\n<\/div>\n\n\n\n<div id=\"wp-block-themeisle-blocks-advanced-column-5d5f0a81\" class=\"wp-block-themeisle-blocks-advanced-column\"><\/div>\n<\/div><\/div>\n\n\n\n<div id=\"wp-block-themeisle-blocks-advanced-columns-becd3151\" class=\"wp-block-themeisle-blocks-advanced-columns alignfull has-2-columns has-desktop-equal-layout has-tablet-equal-layout has-mobile-collapsedRows-layout has-vertical-unset\"><div class=\"wp-block-themeisle-blocks-advanced-columns-overlay\"><\/div><div class=\"innerblocks-wrap\">\n<div id=\"wp-block-themeisle-blocks-advanced-column-5e2277d9\" class=\"wp-block-themeisle-blocks-advanced-column black-link\">\n<div id=\"wp-block-themeisle-blocks-advanced-columns-ad74ba70\" class=\"wp-block-themeisle-blocks-advanced-columns has-1-columns has-desktop-equal-layout has-tablet-equal-layout has-mobile-equal-layout has-vertical-unset has-light-bg\"><div class=\"wp-block-themeisle-blocks-advanced-columns-overlay\"><\/div><div class=\"innerblocks-wrap\">\n<div id=\"wp-block-themeisle-blocks-advanced-column-7a27bea7\" class=\"wp-block-themeisle-blocks-advanced-column\">\n<div id=\"wp-block-themeisle-blocks-font-awesome-icons-b7985a09\" class=\"wp-block-themeisle-blocks-font-awesome-icons\"><span class=\"wp-block-themeisle-blocks-font-awesome-icons-container\"><i class=\"fas fa-plane\"><\/i><\/span><\/div>\n\n\n\n<h3 class=\"wp-block-heading has-text-align-left\"><strong>Medizinische Flugtauglichkeitsuntersuchungen<\/strong><\/h3>\n\n\n\n<h3 class=\"wp-block-heading\">Medical Class 1<\/h3>\n\n\n\n<p class=\"has-text-align-left\">Ziel der Untersuchung ist die Kl\u00e4rung, ob der Untersuchte fliegertauglich ist. Ist dem so, stellen wir ein <a href=\"https:\/\/de.wikipedia.org\/wiki\/Flieger%C3%A4rztliches_Tauglichkeitszeugnis\">flieger\u00e4rztliches Tauglichkeitszeugnis<\/a> aus. Dieses berechtigt den Inhaber zur Erneuerung und Verl\u00e4ngerung seiner Lizenz f\u00fcr (<strong>Berufspilot*innen<\/strong>) .<\/p>\n\n\n\n<h3 class=\"wp-block-heading\">Medical Class 2<\/h3>\n\n\n\n<p>Wir bieten auch Flieger\u00e4rztliche Tauglichkeitsuntersuchungen, das sogenannte Medical Class 2 resp. die LAPL (Light Aircraft Pilot license), f\u00fcr <strong>Privatpiloten<\/strong> an.<br>Weitere Informationen finden Sie auf der Seite vom <a href=\"https:\/\/www.bazl.admin.ch\/bazl\/de\/home\/personal\/flugmedizinischer-dienst.html\">BAZL<\/a>.<\/p>\n\n\n\n<div style=\"height:20px\" aria-hidden=\"true\" class=\"wp-block-spacer\"><\/div>\n<\/div>\n<\/div><\/div>\n<\/div>\n\n\n\n<div id=\"wp-block-themeisle-blocks-advanced-column-a010d4f9\" class=\"wp-block-themeisle-blocks-advanced-column black-link\">\n<div id=\"wp-block-themeisle-blocks-advanced-columns-c0ecb360\" class=\"wp-block-themeisle-blocks-advanced-columns has-1-columns has-desktop-equal-layout has-tablet-equal-layout has-mobile-equal-layout has-vertical-unset has-light-bg\"><div class=\"wp-block-themeisle-blocks-advanced-columns-overlay\"><\/div><div class=\"innerblocks-wrap\">\n<div id=\"wp-block-themeisle-blocks-advanced-column-2566ed13\" class=\"wp-block-themeisle-blocks-advanced-column\">\n<div id=\"wp-block-themeisle-blocks-font-awesome-icons-b489b6aa\" class=\"wp-block-themeisle-blocks-font-awesome-icons\"><span class=\"wp-block-themeisle-blocks-font-awesome-icons-container\"><i class=\"fas fa-syringe\"><\/i><\/span><\/div>\n\n\n\n<h3 class=\"wp-block-heading has-text-align-left\">Impfberatung\/Reisemedizin<\/h3>\n\n\n\n<p class=\"has-text-align-left\">Wir bieten Impfberatungen zu den gem\u00e4ss <a href=\"https:\/\/www.bag.admin.ch\/bag\/de\/home\/gesund-leben\/gesundheitsfoerderung-und-praevention\/impfungen-prophylaxe\/richtlinien-empfehlungen-impfungen-prophylaxe.html\" target=\"_blank\" rel=\"noreferrer noopener\">BAG <\/a>empfohlenen Impfungen sowie vor Reisen ins Ausland an. Bringen Sie uns ihren Impfausweis vorbei und wir sagen ihnen, ob ihre Impfungen \u00e0 jour sind.<\/p>\n\n\n\n<div style=\"height:20px\" aria-hidden=\"true\" class=\"wp-block-spacer\"><\/div>\n<\/div>\n<\/div><\/div>\n<\/div>\n<\/div><\/div>\n\n\n\n<div id=\"wp-block-themeisle-blocks-advanced-columns-d702c31b\" class=\"wp-block-themeisle-blocks-advanced-columns alignfull has-2-columns has-desktop-equal-layout has-tablet-equal-layout has-mobile-collapsedRows-layout has-vertical-unset\"><div class=\"wp-block-themeisle-blocks-advanced-columns-overlay\"><\/div><div class=\"innerblocks-wrap\">\n<div id=\"wp-block-themeisle-blocks-advanced-column-3217687a\" class=\"wp-block-themeisle-blocks-advanced-column black-link\">\n<div id=\"wp-block-themeisle-blocks-advanced-columns-6689deb7\" class=\"wp-block-themeisle-blocks-advanced-columns has-1-columns has-desktop-equal-layout has-tablet-equal-layout has-mobile-equal-layout has-vertical-unset has-light-bg\"><div class=\"wp-block-themeisle-blocks-advanced-columns-overlay\"><\/div><div class=\"innerblocks-wrap\">\n<div id=\"wp-block-themeisle-blocks-advanced-column-be808564\" class=\"wp-block-themeisle-blocks-advanced-column\">\n<div id=\"wp-block-themeisle-blocks-font-awesome-icons-32776238\" class=\"wp-block-themeisle-blocks-font-awesome-icons\"><span class=\"wp-block-themeisle-blocks-font-awesome-icons-container\"><i class=\"fas fa-child\"><\/i><\/span><\/div>\n\n\n\n<h3 class=\"wp-block-heading has-text-align-left\">Entwicklungskontrollen Neugeborene Bis Jugendliche<\/h3>\n\n\n\n<p class=\"has-text-align-left\">Wir bieten die empfohlenen Entwicklungskontrolle mit 1 Monat, 2 Monaten, 4 Monaten, 6 Monaten, 9 Monaten, 12 Monaten, 18 Monaten, 2 Jahren, 3 Jahren, 4 1\/2 Jahren, Kindergarten, 4. Klasse, 8. Klasse an. Wir schauen die k\u00f6rperliche, geistige und soziale Entwicklung an und weisen sie bei Bedarf an Spezialisten weiter. Wir haben eine enge Zusammenarbeit mit der <a href=\"https:\/\/www.kurwerk.ch\/\" target=\"_blank\" rel=\"noreferrer noopener\">Kinderarztpraxis Kurwerk<\/a> in Burgdorf.<\/p>\n\n\n\n<div style=\"height:20px\" aria-hidden=\"true\" class=\"wp-block-spacer\"><\/div>\n<\/div>\n<\/div><\/div>\n<\/div>\n\n\n\n<div id=\"wp-block-themeisle-blocks-advanced-column-f419108f\" class=\"wp-block-themeisle-blocks-advanced-column black-link\">\n<div id=\"wp-block-themeisle-blocks-advanced-columns-1aa7f3e2\" class=\"wp-block-themeisle-blocks-advanced-columns has-1-columns has-desktop-equal-layout has-tablet-equal-layout has-mobile-equal-layout has-vertical-unset has-light-bg\"><div class=\"wp-block-themeisle-blocks-advanced-columns-overlay\"><\/div><div class=\"innerblocks-wrap\">\n<div id=\"wp-block-themeisle-blocks-advanced-column-3c6fa2aa\" class=\"wp-block-themeisle-blocks-advanced-column\">\n<div id=\"wp-block-themeisle-blocks-font-awesome-icons-d976286e\" class=\"wp-block-themeisle-blocks-font-awesome-icons\"><span class=\"wp-block-themeisle-blocks-font-awesome-icons-container\"><i class=\"fas fa-truck-pickup\"><\/i><\/span><\/div>\n\n\n\n<h3 class=\"wp-block-heading has-text-align-left\">Strassenverkehrspr\u00fcfung<\/h3>\n\n\n\n<h3 class=\"wp-block-heading\">Stufe 1<\/h3>\n\n\n\n<p class=\"has-text-align-left\">F\u00fcr alle Personen ab 75 Jahren ist eine medizinische Kontrolle alle 2 Jahre zwingend. Diese Untersuchung wird nicht von der Krankenkasse \u00fcbernommen.<\/p>\n\n\n\n<h3 class=\"wp-block-heading\">Stufe 2<\/h3>\n\n\n\n<p>Personen mit einem F\u00fchrerausweis der Kategorien C, C1, D, D1 oder einer Bewilligung zum berufsm\u00e4ssigen Personentransport ben\u00f6tigen alle 5 Jahre (ab dem 50. Lebensjahr alle 3 Jahre) eine medizinische Untersuchung. Die Kosten werden nicht von der Krankenkasse \u00fcbernommen.<\/p>\n\n\n\n<div style=\"height:20px\" aria-hidden=\"true\" class=\"wp-block-spacer\"><\/div>\n<\/div>\n<\/div><\/div>\n<\/div>\n<\/div><\/div>\n\n\n\n<div id=\"wp-block-themeisle-blocks-advanced-columns-80d0a26a\" class=\"wp-block-themeisle-blocks-advanced-columns alignfull has-2-columns has-desktop-equal-layout has-tablet-equal-layout has-mobile-collapsedRows-layout has-vertical-unset\"><div class=\"wp-block-themeisle-blocks-advanced-columns-overlay\"><\/div><div class=\"innerblocks-wrap\">\n<div id=\"wp-block-themeisle-blocks-advanced-column-6324d821\" class=\"wp-block-themeisle-blocks-advanced-column black-link\">\n<div id=\"wp-block-themeisle-blocks-advanced-columns-fb750af9\" class=\"wp-block-themeisle-blocks-advanced-columns has-1-columns has-desktop-equal-layout has-tablet-equal-layout has-mobile-equal-layout has-vertical-unset has-light-bg\"><div class=\"wp-block-themeisle-blocks-advanced-columns-overlay\"><\/div><div class=\"innerblocks-wrap\">\n<div id=\"wp-block-themeisle-blocks-advanced-column-0f30c3ff\" class=\"wp-block-themeisle-blocks-advanced-column\">\n<div id=\"wp-block-themeisle-blocks-font-awesome-icons-580c8a95\" class=\"wp-block-themeisle-blocks-font-awesome-icons\"><span class=\"wp-block-themeisle-blocks-font-awesome-icons-container\"><i class=\"fas fa-laptop-medical\"><\/i><\/span><\/div>\n\n\n\n<h3 class=\"wp-block-heading has-text-align-left\">Ultraschall<\/h3>\n\n\n\n<p class=\"has-text-align-left\">Der Ultraschall bietet viele M\u00f6glichkeiten Krankheitsbilder ohne Strahlenbelastung abzukl\u00e4ren. Wir machen Untersuchungen des Bauchraums, der Lunge und der Knochen. Frau Dr. Meister ist Sonographie Supervisorin und kann somit junge Kolleginnen in Ultraschall ausbilden.<\/p>\n\n\n\n<div style=\"height:20px\" aria-hidden=\"true\" class=\"wp-block-spacer\"><\/div>\n<\/div>\n<\/div><\/div>\n<\/div>\n\n\n\n<div id=\"wp-block-themeisle-blocks-advanced-column-48dedd29\" class=\"wp-block-themeisle-blocks-advanced-column black-link\">\n<div id=\"wp-block-themeisle-blocks-advanced-columns-b0a44674\" class=\"wp-block-themeisle-blocks-advanced-columns has-1-columns has-desktop-equal-layout has-tablet-equal-layout has-mobile-equal-layout has-vertical-unset has-light-bg\"><div class=\"wp-block-themeisle-blocks-advanced-columns-overlay\"><\/div><div class=\"innerblocks-wrap\">\n<div id=\"wp-block-themeisle-blocks-advanced-column-7f8eca8a\" class=\"wp-block-themeisle-blocks-advanced-column\">\n<div id=\"wp-block-themeisle-blocks-font-awesome-icons-6ee1fdc3\" class=\"wp-block-themeisle-blocks-font-awesome-icons\"><span class=\"wp-block-themeisle-blocks-font-awesome-icons-container\"><i class=\"fas fa-baby\"><\/i><\/span><\/div>\n\n\n\n<h3 class=\"wp-block-heading has-text-align-left\">H\u00fcft- Screening Neugeborene<\/h3>\n\n\n\n<p class=\"has-text-align-left\">In der Schweiz werden alle Neugeborenen auf eine Reifest\u00f6rung der H\u00fcften untersucht, um sp\u00e4tere H\u00fcftbeschwerden zu verhindern. Frau Dr. Meister bietet diese Untersuchung im Rahmen der 1-Monatsuntersuchung oder einzeln an. Die Untersuchung wird von der Krankenkasse \u00fcbernommen.<\/p>\n\n\n\n<div style=\"height:20px\" aria-hidden=\"true\" class=\"wp-block-spacer\"><\/div>\n<\/div>\n<\/div><\/div>\n<\/div>\n<\/div><\/div>\n\n\n\n<div id=\"wp-block-themeisle-blocks-advanced-columns-5b2ff7bf\" class=\"wp-block-themeisle-blocks-advanced-columns alignfull has-2-columns has-desktop-equal-layout has-tablet-equal-layout has-mobile-collapsedRows-layout has-vertical-unset\"><div class=\"wp-block-themeisle-blocks-advanced-columns-overlay\"><\/div><div class=\"innerblocks-wrap\">\n<div id=\"wp-block-themeisle-blocks-advanced-column-b8d7c4f4\" class=\"wp-block-themeisle-blocks-advanced-column black-link\">\n<div id=\"wp-block-themeisle-blocks-advanced-columns-d0fe0758\" class=\"wp-block-themeisle-blocks-advanced-columns has-1-columns has-desktop-equal-layout has-tablet-equal-layout has-mobile-equal-layout has-vertical-unset has-light-bg\"><div class=\"wp-block-themeisle-blocks-advanced-columns-overlay\"><\/div><div class=\"innerblocks-wrap\">\n<div id=\"wp-block-themeisle-blocks-advanced-column-e9ebee2b\" class=\"wp-block-themeisle-blocks-advanced-column\">\n<div id=\"wp-block-themeisle-blocks-font-awesome-icons-07069bb4\" class=\"wp-block-themeisle-blocks-font-awesome-icons\"><span class=\"wp-block-themeisle-blocks-font-awesome-icons-container\"><i class=\"fas fa-x-ray\"><\/i><\/span><\/div>\n\n\n\n<h3 class=\"wp-block-heading has-text-align-left\">R\u00f6ntgen<\/h3>\n\n\n\n<p class=\"has-text-align-left\">Soweit m\u00f6glich verzichten wir in unserer Praxis auf R\u00f6ntgenuntersuchungen, um die Strahlenbelastung f\u00fcr unsere Patienten so gering wie m\u00f6glich zu halten. Stattdessen untersuchen wir sie mit dem Ultraschall. Wenn eine R\u00f6ntgenuntersuchung aber erfordert ist, f\u00fchren wir diese in der Praxis durch.<\/p>\n\n\n\n<div style=\"height:20px\" aria-hidden=\"true\" class=\"wp-block-spacer\"><\/div>\n<\/div>\n<\/div><\/div>\n<\/div>\n\n\n\n<div id=\"wp-block-themeisle-blocks-advanced-column-24cd8c23\" class=\"wp-block-themeisle-blocks-advanced-column black-link\">\n<div id=\"wp-block-themeisle-blocks-advanced-columns-fddb91c1\" class=\"wp-block-themeisle-blocks-advanced-columns has-1-columns has-desktop-equal-layout has-tablet-equal-layout has-mobile-equal-layout has-vertical-unset has-light-bg\"><div class=\"wp-block-themeisle-blocks-advanced-columns-overlay\"><\/div><div class=\"innerblocks-wrap\">\n<div id=\"wp-block-themeisle-blocks-advanced-column-71a471ff\" class=\"wp-block-themeisle-blocks-advanced-column\">\n<div id=\"wp-block-themeisle-blocks-font-awesome-icons-3fe257f6\" class=\"wp-block-themeisle-blocks-font-awesome-icons\"><span class=\"wp-block-themeisle-blocks-font-awesome-icons-container\"><i class=\"fas fa-vial\"><\/i><\/span><\/div>\n\n\n\n<h3 class=\"wp-block-heading has-text-align-left\">Labor<\/h3>\n\n\n\n<p class=\"has-text-align-left\">Wir bieten die g\u00e4ngigen Laboruntersuchungen in der Praxis an. F\u00fcr Spezialuntersuchungen arbeiten wir mit Laborzentren und dem <a href=\"http:\/\/www.zlm.insel.ch\/de\/\" target=\"_blank\" rel=\"noreferrer noopener\">Inselspital <\/a>zusammen.<\/p>\n\n\n\n<div style=\"height:20px\" aria-hidden=\"true\" class=\"wp-block-spacer\"><\/div>\n<\/div>\n<\/div><\/div>\n<\/div>\n<\/div><\/div>\n\n\n\n<div id=\"wp-block-themeisle-blocks-advanced-columns-ded49be6\" class=\"wp-block-themeisle-blocks-advanced-columns alignfull has-2-columns has-desktop-equal-layout has-tablet-equal-layout has-mobile-collapsedRows-layout has-vertical-unset\"><div class=\"wp-block-themeisle-blocks-advanced-columns-overlay\"><\/div><div class=\"innerblocks-wrap\">\n<div id=\"wp-block-themeisle-blocks-advanced-column-a11d9646\" class=\"wp-block-themeisle-blocks-advanced-column black-link\">\n<div id=\"wp-block-themeisle-blocks-advanced-columns-74da17d5\" class=\"wp-block-themeisle-blocks-advanced-columns has-1-columns has-desktop-equal-layout has-tablet-equal-layout has-mobile-equal-layout has-vertical-unset has-light-bg\"><div class=\"wp-block-themeisle-blocks-advanced-columns-overlay\"><\/div><div class=\"innerblocks-wrap\">\n<div id=\"wp-block-themeisle-blocks-advanced-column-5fc886c4\" class=\"wp-block-themeisle-blocks-advanced-column\">\n<div id=\"wp-block-themeisle-blocks-font-awesome-icons-86e2dc4a\" class=\"wp-block-themeisle-blocks-font-awesome-icons\"><span class=\"wp-block-themeisle-blocks-font-awesome-icons-container\"><i class=\"fas fa-heartbeat\"><\/i><\/span><\/div>\n\n\n\n<h3 class=\"wp-block-heading has-text-align-left\">EKG\/Lungenfunktionstest<\/h3>\n\n\n\n<h3 class=\"wp-block-heading has-text-align-left\">24-H BD\/24-H EKG<\/h3>\n\n\n\n<p class=\"has-text-align-left\">F\u00fcr Abkl\u00e4rungen von Bluthochdruck, Herzerkrankungen und Lungenkrankheiten bieten wir verschiedene Abkl\u00e4rungen direkt in der Praxis an.<\/p>\n\n\n\n<div style=\"height:20px\" aria-hidden=\"true\" class=\"wp-block-spacer\"><\/div>\n<\/div>\n<\/div><\/div>\n<\/div>\n\n\n\n<div id=\"wp-block-themeisle-blocks-advanced-column-5cde9aa2\" class=\"wp-block-themeisle-blocks-advanced-column black-link\">\n<div id=\"wp-block-themeisle-blocks-advanced-columns-2233519d\" class=\"wp-block-themeisle-blocks-advanced-columns has-1-columns has-desktop-equal-layout has-tablet-equal-layout has-mobile-equal-layout has-vertical-unset has-light-bg\"><div class=\"wp-block-themeisle-blocks-advanced-columns-overlay\"><\/div><div class=\"innerblocks-wrap\">\n<div id=\"wp-block-themeisle-blocks-advanced-column-695c9ee1\" class=\"wp-block-themeisle-blocks-advanced-column\">\n<div id=\"wp-block-themeisle-blocks-font-awesome-icons-6b41002b\" class=\"wp-block-themeisle-blocks-font-awesome-icons\"><span class=\"wp-block-themeisle-blocks-font-awesome-icons-container\"><i class=\"fas fa-house-user\"><\/i><\/span><\/div>\n\n\n\n<h3 class=\"wp-block-heading has-text-align-left\">Hausbesuche<\/h3>\n\n\n\n<p class=\"has-text-align-left\">Bei schwer kranken Patienten, die nicht in die Praxis kommen k\u00f6nnen, bieten wir auch Hausbesuche an. Diese finden meistens zu Randzeiten statt.<\/p>\n\n\n\n<div style=\"height:20px\" aria-hidden=\"true\" class=\"wp-block-spacer\"><\/div>\n<\/div>\n<\/div><\/div>\n<\/div>\n<\/div><\/div>\n\n\n\n<div id=\"wp-block-themeisle-blocks-advanced-columns-4532e482\" class=\"wp-block-themeisle-blocks-advanced-columns alignfull has-2-columns has-desktop-equal-layout has-tablet-equal-layout has-mobile-collapsedRows-layout has-vertical-unset\"><div class=\"wp-block-themeisle-blocks-advanced-columns-overlay\"><\/div><div class=\"innerblocks-wrap\">\n<div id=\"wp-block-themeisle-blocks-advanced-column-0892ea12\" class=\"wp-block-themeisle-blocks-advanced-column black-link\">\n<div id=\"wp-block-themeisle-blocks-advanced-columns-7dd96fee\" class=\"wp-block-themeisle-blocks-advanced-columns has-1-columns has-desktop-equal-layout has-tablet-equal-layout has-mobile-equal-layout has-vertical-unset has-light-bg\"><div class=\"wp-block-themeisle-blocks-advanced-columns-overlay\"><\/div><div class=\"innerblocks-wrap\">\n<div id=\"wp-block-themeisle-blocks-advanced-column-5cafffc6\" class=\"wp-block-themeisle-blocks-advanced-column\">\n<div id=\"wp-block-themeisle-blocks-font-awesome-icons-c771b0a2\" class=\"wp-block-themeisle-blocks-font-awesome-icons\"><span class=\"wp-block-themeisle-blocks-font-awesome-icons-container\"><i class=\"fas fa-balance-scale\"><\/i><\/span><\/div>\n\n\n\n<h3 class=\"wp-block-heading has-text-align-left\">Diabetesberatung<\/h3>\n\n\n\n<p class=\"has-text-align-left\">Bei Patienten mit Diabetes Typ 2 empfehlen wir 3.monatliche Kontrolle des Langzeitzuckers (HbA1c) um gegebenenfalls die Therapie anpassen zu k\u00f6nnen. Einmal j\u00e4hrlich findet eine grosse Untersuchung mit ausf\u00fchrlicher Untersuchung und Labordiagnostik statt. Wir organisieren j\u00e4hrliche Augenarztkontrollen und empfehlen regelm\u00e4ssig medizinische Fusspflege.<\/p>\n\n\n\n<div style=\"height:20px\" aria-hidden=\"true\" class=\"wp-block-spacer\"><\/div>\n<\/div>\n<\/div><\/div>\n<\/div>\n\n\n\n<div id=\"wp-block-themeisle-blocks-advanced-column-0058cad5\" class=\"wp-block-themeisle-blocks-advanced-column black-link\">\n<div id=\"wp-block-themeisle-blocks-advanced-columns-1307482b\" class=\"wp-block-themeisle-blocks-advanced-columns has-1-columns has-desktop-equal-layout has-tablet-equal-layout has-mobile-equal-layout has-vertical-unset has-light-bg\"><div class=\"wp-block-themeisle-blocks-advanced-columns-overlay\"><\/div><div class=\"innerblocks-wrap\">\n<div id=\"wp-block-themeisle-blocks-advanced-column-d0478fb0\" class=\"wp-block-themeisle-blocks-advanced-column\">\n<div id=\"wp-block-themeisle-blocks-font-awesome-icons-604082e7\" class=\"wp-block-themeisle-blocks-font-awesome-icons\"><span class=\"wp-block-themeisle-blocks-font-awesome-icons-container\"><i class=\"fas fa-fingerprint\"><\/i><\/span><\/div>\n\n\n\n<h3 class=\"wp-block-heading has-text-align-left\"><strong>psychosomatische Sprechstunde<\/strong><\/h3>\n\n\n\n<p class=\"has-text-align-left\">Dr. med. Simone Rohrbach, Allgemeine Innere Medizin FMH und Psychosomatik FA SAPPM bietet eine psychosomatische Sprechstunde an, <a href=\"https:\/\/www.yogasattva.ch\/%C3%BCber-mich\/\" target=\"_blank\" rel=\"noreferrer noopener\">www.yogasattva.ch<\/a>. Die Zuweisung erfolgt via ihren Hausarzt.<\/p>\n\n\n\n<div style=\"height:20px\" aria-hidden=\"true\" class=\"wp-block-spacer\"><\/div>\n<\/div>\n<\/div><\/div>\n<\/div>\n<\/div><\/div>\n\n\n\n<div id=\"wp-block-themeisle-blocks-advanced-columns-c828e676\" class=\"wp-block-themeisle-blocks-advanced-columns alignfull has-2-columns has-desktop-equal-layout has-tablet-equal-layout has-mobile-collapsedRows-layout has-vertical-unset\"><div class=\"wp-block-themeisle-blocks-advanced-columns-overlay\"><\/div><div class=\"innerblocks-wrap\">\n<div id=\"wp-block-themeisle-blocks-advanced-column-fc0680f4\" class=\"wp-block-themeisle-blocks-advanced-column black-link\">\n<div id=\"wp-block-themeisle-blocks-advanced-columns-e788e220\" class=\"wp-block-themeisle-blocks-advanced-columns has-1-columns has-desktop-equal-layout has-tablet-equal-layout has-mobile-equal-layout has-vertical-unset has-light-bg\"><div class=\"wp-block-themeisle-blocks-advanced-columns-overlay\"><\/div><div class=\"innerblocks-wrap\">\n<div id=\"wp-block-themeisle-blocks-advanced-column-b0917c4b\" class=\"wp-block-themeisle-blocks-advanced-column\">\n<div id=\"wp-block-themeisle-blocks-font-awesome-icons-b938513b\" class=\"wp-block-themeisle-blocks-font-awesome-icons\"><span class=\"wp-block-themeisle-blocks-font-awesome-icons-container\"><i class=\"fas fa-check\"><\/i><\/span><\/div>\n\n\n\n<h3 class=\"wp-block-heading has-text-align-left\">Check Up<\/h3>\n\n\n\n<p class=\"has-text-align-left\">Auf Wunsch bieten wir Checkuntersuchungen an. Hier geht es vor allem darum Erkrankungen vorzubeugen und einen gesunden Lebensstil zu besprechen. Wir untersuchen die Cholesterinwerte, den Blutdruck, den Zuckerhaushalt und besprechen den Lebensstil. Bei Bedarf werden weiterf\u00fchrende Abkl\u00e4rungen organisiert.<\/p>\n\n\n\n<div style=\"height:20px\" aria-hidden=\"true\" class=\"wp-block-spacer\"><\/div>\n<\/div>\n<\/div><\/div>\n<\/div>\n\n\n\n<div id=\"wp-block-themeisle-blocks-advanced-column-5808c308\" class=\"wp-block-themeisle-blocks-advanced-column black-link\">\n<div id=\"wp-block-themeisle-blocks-advanced-columns-bf7ba1e9\" class=\"wp-block-themeisle-blocks-advanced-columns has-1-columns has-desktop-equal-layout has-tablet-equal-layout has-mobile-equal-layout has-vertical-unset has-light-bg\"><div class=\"wp-block-themeisle-blocks-advanced-columns-overlay\"><\/div><div class=\"innerblocks-wrap\">\n<div id=\"wp-block-themeisle-blocks-advanced-column-dac06c1b\" class=\"wp-block-themeisle-blocks-advanced-column\">\n<h3 class=\"wp-block-heading has-text-align-left\"><\/h3>\n\n\n\n<p class=\"has-text-align-left\"><\/p>\n\n\n\n<div style=\"height:20px\" aria-hidden=\"true\" class=\"wp-block-spacer\"><\/div>\n<\/div>\n<\/div><\/div>\n<\/div>\n<\/div><\/div>\n\n\n\n<p><\/p>\n\n\n\n<div id=\"wp-block-themeisle-blocks-advanced-columns-43ea65eb\" class=\"wp-block-themeisle-blocks-advanced-columns alignfull has-1-columns has-desktop-equal-layout has-tablet-equal-layout has-mobile-equal-layout has-vertical-unset has-dark-bg\"><div class=\"wp-block-themeisle-blocks-advanced-columns-overlay\"><\/div><div class=\"innerblocks-wrap\">\n<div id=\"wp-block-themeisle-blocks-advanced-column-62cf06c5\" class=\"wp-block-themeisle-blocks-advanced-column\">\n<h2 class=\"wp-block-heading has-text-align-center has-white-color has-text-color\">Haben sie Fragen zu unseren Leistungen?<\/h2>\n\n\n\n<p class=\"has-text-align-center has-white-color has-text-color\">Z\u00f6gern Sie nicht uns zu kontaktieren!<\/p>\n\n\n\n<div style=\"height:20px\" aria-hidden=\"true\" class=\"wp-block-spacer\"><\/div>\n\n\n\n<div id=\"wp-block-themeisle-blocks-button-group-86a9613a\" class=\"wp-block-themeisle-blocks-button-group wp-block-buttons align-center\">\n<div id=\"wp-block-themeisle-blocks-button-8c280382\" class=\"wp-block-themeisle-blocks-button wp-block-button\"><a href=\"https:\/\/doktoria.ch\/?page_id=91\" target=\"_self\" rel=\"noopener noreferrer\" class=\"wp-block-button__link\"><span>Kontakt<\/span><\/a><\/div>\n<\/div>\n<\/div>\n<\/div><\/div>\n","protected":false},"excerpt":{"rendered":"","protected":false},"author":1,"featured_media":0,"parent":0,"menu_order":0,"comment_status":"closed","ping_status":"closed","template":"page-templates\/template-pagebuilder-full-width.php","meta":{"neve_meta_sidebar":"full-width","neve_meta_container":"","neve_meta_enable_content_width":"on","neve_meta_content_width":100,"neve_meta_title_alignment":"","neve_meta_author_avatar":"","neve_post_elements_order":"","neve_meta_disable_header":"","neve_meta_disable_footer":"","neve_meta_disable_title":"on","_themeisle_gutenberg_block_has_review":false,"footnotes":""},"class_list":["post-82","page","type-page","status-publish","hentry"],"_links":{"self":[{"href":"https:\/\/doktoria.ch\/index.php?rest_route=\/wp\/v2\/pages\/82","targetHints":{"allow":["GET"]}}],"collection":[{"href":"https:\/\/doktoria.ch\/index.php?rest_route=\/wp\/v2\/pages"}],"about":[{"href":"https:\/\/doktoria.ch\/index.php?rest_route=\/wp\/v2\/types\/page"}],"author":[{"embeddable":true,"href":"https:\/\/doktoria.ch\/index.php?rest_route=\/wp\/v2\/users\/1"}],"replies":[{"embeddable":true,"href":"https:\/\/doktoria.ch\/index.php?rest_route=%2Fwp%2Fv2%2Fcomments&post=82"}],"version-history":[{"count":20,"href":"https:\/\/doktoria.ch\/index.php?rest_route=\/wp\/v2\/pages\/82\/revisions"}],"predecessor-version":[{"id":595,"href":"https:\/\/doktoria.ch\/index.php?rest_route=\/wp\/v2\/pages\/82\/revisions\/595"}],"wp:attachment":[{"href":"https:\/\/doktoria.ch\/index.php?rest_route=%2Fwp%2Fv2%2Fmedia&parent=82"}],"curies":[{"name":"wp","href":"https:\/\/api.w.org\/{rel}","templated":true}]}}